{"id":9,"date":"2017-02-15T13:33:15","date_gmt":"2017-02-15T13:33:15","guid":{"rendered":"http:\/\/architekt-lueke.de\/?page_id=9"},"modified":"2020-05-11T14:41:46","modified_gmt":"2020-05-11T14:41:46","slug":"leistung","status":"publish","type":"page","link":"https:\/\/architekt-lueke.de\/?page_id=9","title":{"rendered":"Leistung"},"content":{"rendered":"<h3 data-canvas-width=\"173.67953277454842\">Wohnungsbau<\/h3>\n<p>Neubau&nbsp;&nbsp;&nbsp;&nbsp; Einfamilienhaus&nbsp;&nbsp;&nbsp; Mehrfamilienhaus<\/p>\n<p>Erweiterung&nbsp;&nbsp;&nbsp; Umbau&nbsp;&nbsp;&nbsp; Aufstockung&nbsp;&nbsp;&nbsp; Dachausbau<\/p>\n<hr>\n<h3 data-canvas-width=\"397.1041376369516\">Gewerbe&nbsp; \/&nbsp; Verwaltung&nbsp; \/&nbsp; Sozialbau<\/h3>\n<p>Neubau&nbsp;&nbsp;&nbsp; Umbau&nbsp;&nbsp;&nbsp; Nutzungs\u00e4nderung<\/p>\n<hr>\n<h3 data-canvas-width=\"630.9668492972418\">Sonstige Bauvorhaben und sachverst\u00e4ndige Aufgaben<\/h3>\n<p data-canvas-width=\"556.1227101092419\">Nach ihren Anforderungen auf konkrete Anfrage<\/p>\n<hr>\n<h3 data-canvas-width=\"630.9668492972418\">\u00d6ffentliche F\u00f6rderprogramme<\/h3>\n<p data-canvas-width=\"556.1227101092419\">Beratung&nbsp; &#8211;&nbsp; Antragstellung&nbsp; &#8211;&nbsp; Verwendungsnachweis<\/p>\n<hr>\n<h3 data-canvas-width=\"232.49296666490324\">Profil&nbsp; \/&nbsp; Anspruch&nbsp; \/&nbsp; Stil<\/h3>\n<ul>\n<li data-canvas-width=\"494.8245147960483\">bedarfsgerechte Planung nach Ihren Anforderungen \/ W\u00fcnschen<\/li>\n<li data-canvas-width=\"676.7298753244353\">Baumanagement:&nbsp; technische und kaufm\u00e4nnische Umsetzung von A-Z<\/li>\n<li data-canvas-width=\"676.7298753244353\">Beratung &#8211; Entwurf &#8211; Bauausf\u00fchrung &#8211; Bauleitung &#8211; Abrechnung<\/li>\n<li data-canvas-width=\"470.0825562526934\">Beschaffung und Koordinierung aller Projektbeteiligten<\/li>\n<li data-canvas-width=\"601.8846725548548\">Anspruchsvolle Architektur &#8222;<em>Form folgt Funktion<\/em>&#8222;<\/li>\n<li data-canvas-width=\"552.396061057016\">moderne Konstruktionen mit bew\u00e4hrten Ausf\u00fchrungskonzepten<\/li>\n<li data-canvas-width=\"501.6282329181289\">Kostensicherheit und Termingenauigkeit<\/li>\n<\/ul>\n","protected":false},"excerpt":{"rendered":"<p>Wohnungsbau Neubau&nbsp;&nbsp;&nbsp;&nbsp; Einfamilienhaus&nbsp;&nbsp;&nbsp; Mehrfamilienhaus Erweiterung&nbsp;&nbsp;&nbsp; Umbau&nbsp;&nbsp;&nbsp; Aufstockung&nbsp;&nbsp;&nbsp; Dachausbau Gewerbe&nbsp; \/&nbsp; Verwaltung&nbsp; \/&nbsp; Sozialbau Neubau&nbsp;&nbsp;&nbsp; Umbau&nbsp;&nbsp;&nbsp; Nutzungs\u00e4nderung Sonstige Bauvorhaben und sachverst\u00e4ndige Aufgaben Nach ihren Anforderungen auf konkrete Anfrage \u00d6ffentliche F\u00f6rderprogramme Beratung&nbsp; &#8211;&nbsp; Antragstellung&nbsp; &#8211;&nbsp; Verwendungsnachweis Profil&nbsp; \/&nbsp; Anspruch&nbsp; \/&nbsp; Stil bedarfsgerechte Planung nach Ihren Anforderungen \/ W\u00fcnschen Baumanagement:&nbsp; technische und kaufm\u00e4nnische Umsetzung von A-Z Beratung &#8211; &hellip; <a href=\"https:\/\/architekt-lueke.de\/?page_id=9\" class=\"more-link\"><span class=\"screen-reader-text\">Leistung<\/span> weiterlesen<\/a><\/p>\n","protected":false},"author":1,"featured_media":0,"parent":0,"menu_order":0,"comment_status":"closed","ping_status":"closed","template":"","meta":{"footnotes":""},"class_list":["post-9","page","type-page","status-publish","hentry"],"_links":{"self":[{"href":"https:\/\/architekt-lueke.de\/index.php?rest_route=\/wp\/v2\/pages\/9","targetHints":{"allow":["GET"]}}],"collection":[{"href":"https:\/\/architekt-lueke.de\/index.php?rest_route=\/wp\/v2\/pages"}],"about":[{"href":"https:\/\/architekt-lueke.de\/index.php?rest_route=\/wp\/v2\/types\/page"}],"author":[{"embeddable":true,"href":"https:\/\/architekt-lueke.de\/index.php?rest_route=\/wp\/v2\/users\/1"}],"replies":[{"embeddable":true,"href":"https:\/\/architekt-lueke.de\/index.php?rest_route=%2Fwp%2Fv2%2Fcomments&post=9"}],"version-history":[{"count":10,"href":"https:\/\/architekt-lueke.de\/index.php?rest_route=\/wp\/v2\/pages\/9\/revisions"}],"predecessor-version":[{"id":243,"href":"https:\/\/architekt-lueke.de\/index.php?rest_route=\/wp\/v2\/pages\/9\/revisions\/243"}],"wp:attachment":[{"href":"https:\/\/architekt-lueke.de\/index.php?rest_route=%2Fwp%2Fv2%2Fmedia&parent=9"}],"curies":[{"name":"wp","href":"https:\/\/api.w.org\/{rel}","templated":true}]}}