{"id":63,"date":"2017-02-23T14:21:17","date_gmt":"2017-02-23T14:21:17","guid":{"rendered":"http:\/\/architekt-lueke.de\/?page_id=63"},"modified":"2021-09-22T13:21:32","modified_gmt":"2021-09-22T13:21:32","slug":"kontakt","status":"publish","type":"page","link":"https:\/\/architekt-lueke.de\/?page_id=63","title":{"rendered":"Kontakt"},"content":{"rendered":"<h3 data-canvas-width=\"244.8639581467258\">Architekturb\u00fcro L\u00fcke<\/h3>\n<div data-canvas-width=\"257.85312485777416\">Dipl. Ing. Martin L\u00fcke<\/div>\n<p data-canvas-width=\"192.2873461218387\">Architekt AKNW<\/p>\n<div data-canvas-width=\"179.24588699612906\">Rankenweg<span style=\"color: #000000;\"> 13\u00a0 |\u00a0 44866 Bochum<\/span><\/div>\n<p data-canvas-width=\"85.57714872311827\">Telefon: 0157 5343 6282<\/p>\n<p data-canvas-width=\"85.57714872311827\">E-Mail : <a href=\"mailto:info@architekt-lueke.de\">info@architekt-lueke.de<\/a><\/p>\n<div data-canvas-width=\"380.4031338708774\"><\/div>\n","protected":false},"excerpt":{"rendered":"<p>Architekturb\u00fcro L\u00fcke Dipl. Ing. Martin L\u00fcke Architekt AKNW Rankenweg 13\u00a0 |\u00a0 44866 Bochum Telefon: 0157 5343 6282 E-Mail : info@architekt-lueke.de<\/p>\n","protected":false},"author":1,"featured_media":0,"parent":0,"menu_order":0,"comment_status":"closed","ping_status":"closed","template":"","meta":{"footnotes":""},"_links":{"self":[{"href":"https:\/\/architekt-lueke.de\/index.php?rest_route=\/wp\/v2\/pages\/63"}],"collection":[{"href":"https:\/\/architekt-lueke.de\/index.php?rest_route=\/wp\/v2\/pages"}],"about":[{"href":"https:\/\/architekt-lueke.de\/index.php?rest_route=\/wp\/v2\/types\/page"}],"author":[{"embeddable":true,"href":"https:\/\/architekt-lueke.de\/index.php?rest_route=\/wp\/v2\/users\/1"}],"replies":[{"embeddable":true,"href":"https:\/\/architekt-lueke.de\/index.php?rest_route=%2Fwp%2Fv2%2Fcomments&post=63"}],"version-history":[{"count":8,"href":"https:\/\/architekt-lueke.de\/index.php?rest_route=\/wp\/v2\/pages\/63\/revisions"}],"predecessor-version":[{"id":272,"href":"https:\/\/architekt-lueke.de\/index.php?rest_route=\/wp\/v2\/pages\/63\/revisions\/272"}],"wp:attachment":[{"href":"https:\/\/architekt-lueke.de\/index.php?rest_route=%2Fwp%2Fv2%2Fmedia&parent=63"}],"curies":[{"name":"wp","href":"https:\/\/api.w.org\/{rel}","templated":true}]}}