{"id":27,"date":"2017-02-15T13:43:15","date_gmt":"2017-02-15T13:43:15","guid":{"rendered":"http:\/\/architekt-lueke.de\/?page_id=27"},"modified":"2021-09-22T13:22:23","modified_gmt":"2021-09-22T13:22:23","slug":"startseite","status":"publish","type":"page","link":"https:\/\/architekt-lueke.de\/","title":{"rendered":""},"content":{"rendered":"<p><img loading=\"lazy\" decoding=\"async\" class=\"aligncenter size-full wp-image-111\" src=\"http:\/\/architekt-lueke.de\/wp-content\/uploads\/2017\/02\/potpourrie2.jpg\" alt=\"\" width=\"747\" height=\"551\" srcset=\"https:\/\/architekt-lueke.de\/wp-content\/uploads\/2017\/02\/potpourrie2.jpg 747w, https:\/\/architekt-lueke.de\/wp-content\/uploads\/2017\/02\/potpourrie2-300x221.jpg 300w\" sizes=\"auto, (max-width: 747px) 100vw, 747px\" \/><\/p>\n<h3 data-canvas-width=\"244.8639581467258\">Architekturb\u00fcro L\u00fcke<\/h3>\n<div data-canvas-width=\"171.5389342969355\"><strong>Ihr Partner f\u00fcr individuelle Planungen,<\/strong><\/div>\n<div data-canvas-width=\"171.5389342969355\"><strong>f\u00fcr anspruchsvolle, moderne Architektur<\/strong><\/div>\n<div data-canvas-width=\"171.5389342969355\"><hr \/><\/div>\n<div data-canvas-width=\"171.5389342969355\">\u00a0<\/div>\n<div data-canvas-width=\"171.5389342969355\">Dipl.-Ing. Martin L\u00fcke | Architekt AKNW<\/div>\n<div data-canvas-width=\"179.87413143846774\"><span style=\"color: #000000;\">Rankenweg 13 | 44866 Bochum<\/span><\/div>\n<div data-canvas-width=\"179.87413143846774\">Telefon: 0157 5343 6282<\/div>\n<div data-canvas-width=\"179.87413143846774\">\u00a0<\/div>\n<div data-canvas-width=\"179.87413143846774\">E-Mail:\u00a0<a href=\"mailto:info@architekt-lueke.de\">info@architekt-lueke.de<\/a><\/div>\n\n\n<p><\/p>\n","protected":false},"excerpt":{"rendered":"<p>Architekturb\u00fcro L\u00fcke Ihr Partner f\u00fcr individuelle Planungen, f\u00fcr anspruchsvolle, moderne Architektur \u00a0 Dipl.-Ing. Martin L\u00fcke | Architekt AKNW Rankenweg 13 | 44866 Bochum Telefon: 0157 5343 6282 \u00a0 E-Mail:\u00a0info@architekt-lueke.de<\/p>\n","protected":false},"author":1,"featured_media":0,"parent":0,"menu_order":0,"comment_status":"closed","ping_status":"closed","template":"","meta":{"footnotes":""},"class_list":["post-27","page","type-page","status-publish","hentry"],"_links":{"self":[{"href":"https:\/\/architekt-lueke.de\/index.php?rest_route=\/wp\/v2\/pages\/27","targetHints":{"allow":["GET"]}}],"collection":[{"href":"https:\/\/architekt-lueke.de\/index.php?rest_route=\/wp\/v2\/pages"}],"about":[{"href":"https:\/\/architekt-lueke.de\/index.php?rest_route=\/wp\/v2\/types\/page"}],"author":[{"embeddable":true,"href":"https:\/\/architekt-lueke.de\/index.php?rest_route=\/wp\/v2\/users\/1"}],"replies":[{"embeddable":true,"href":"https:\/\/architekt-lueke.de\/index.php?rest_route=%2Fwp%2Fv2%2Fcomments&post=27"}],"version-history":[{"count":19,"href":"https:\/\/architekt-lueke.de\/index.php?rest_route=\/wp\/v2\/pages\/27\/revisions"}],"predecessor-version":[{"id":274,"href":"https:\/\/architekt-lueke.de\/index.php?rest_route=\/wp\/v2\/pages\/27\/revisions\/274"}],"wp:attachment":[{"href":"https:\/\/architekt-lueke.de\/index.php?rest_route=%2Fwp%2Fv2%2Fmedia&parent=27"}],"curies":[{"name":"wp","href":"https:\/\/api.w.org\/{rel}","templated":true}]}}