{"id":13,"date":"2017-02-15T13:34:03","date_gmt":"2017-02-15T13:34:03","guid":{"rendered":"http:\/\/architekt-lueke.de\/?page_id=13"},"modified":"2021-09-22T13:21:55","modified_gmt":"2021-09-22T13:21:55","slug":"impressum","status":"publish","type":"page","link":"https:\/\/architekt-lueke.de\/?page_id=13","title":{"rendered":"Impressum"},"content":{"rendered":"<h3 data-canvas-width=\"244.8639581467258\">Architekturb\u00fcro L\u00fcke<\/h3>\n<div data-canvas-width=\"142.13296269019355\">Martin L\u00fcke<\/div>\n<p data-canvas-width=\"217.64749781995158\">Architekt Dipl.-Ing.<\/p>\n<p data-canvas-width=\"180.48317010183874\"><span style=\"color: #000000;\">Rankenweg 13 | 44866 Bochum<\/span><\/p>\n<p data-canvas-width=\"85.57714872311827\">Telefon: 0157 5343 6282<\/p>\n<p data-canvas-width=\"372.98033774820004\">E-Mail: <a href=\"mailto:info@architekt-lueke.de\">info@architekt-lueke.de<\/a><\/p>\n<p data-canvas-width=\"564.7828561037419\">Umsatzsteuer-ID gem. \u00a727 UStG: DE309557050<\/p>\n<div data-canvas-width=\"405.7640711229678\">Eingetragenes Mitglied der AKNW<\/div>\n<p>Berufsrechtliche Regeln einzusehen unter: <a href=\"http:\/\/www.aknw.de\">www.aknw.de<\/a><\/p>\n<p><strong>Inhalte und Rechtsbeitr\u00e4ge<\/strong><\/p>\n<p>Die Inhalte unserer Internetseite &#8211;\u00a0vor allem die Rechtsbeitr\u00e4ge &#8211;\u00a0werden mit gr\u00f6\u00dfter Sorgfalt recherchiert. Dennoch kann der Anbieter keine Haftung f\u00fcr die Richtigkeit, Vollst\u00e4ndigkeit und Aktualit\u00e4t der bereit gestellten Informationen \u00fcbernehmen. Die Informationen sind insbesondere auch allgemeiner Art und stellen keine Rechtsberatung im Einzelfall dar. Zur L\u00f6sung von konkreten Rechtsf\u00e4llen konsultieren Sie bitte unbedingt einen Rechtsanwalt.<\/p>\n<p><strong>Datenschutz<\/strong><\/p>\n<p>Die Betreiber dieser Seiten nehmen den Schutz Ihrer pers\u00f6nlichen Daten sehr ernst. Wir behandeln Ihre personenbezogenen Daten vertraulich und entsprechend der gesetzlichen Datenschutzvorschriften sowie dieser Datenschutzerkl\u00e4rung.<\/p>\n<p>Die Nutzung unserer Webseite ist in der Regel ohne Angabe personenbezogener Daten m\u00f6glich. Soweit auf unseren Seiten personenbezogene Daten (beispielsweise Name, Anschrift oder E-Mail-Adressen) erhoben werden, erfolgt dies, soweit m\u00f6glich, stets auf freiwilliger Basis. Diese Daten werden ohne Ihre ausdr\u00fcckliche Zustimmung nicht an Dritte weitergegeben.<\/p>\n<p><strong>Externe Links<\/strong><\/p>\n<p>Diese Website enth\u00e4lt Verkn\u00fcpfungen zu Websites Dritter (&#8222;externe Links&#8220;). Diese Websites unterliegen der Haftung der jeweiligen Betreiber. Der Anbieter hat bei der erstmaligen Verkn\u00fcpfung der externen Links die fremden Inhalte daraufhin \u00fcberpr\u00fcft, ob etwaige Rechtsverst\u00f6\u00dfe bestehen. Zu dem Zeitpunkt waren keine Rechtsverst\u00f6\u00dfe ersichtlich. Der Anbieter hat keinerlei Einfluss auf die aktuelle und zuk\u00fcnftige Gestaltung und auf die Inhalte der verkn\u00fcpften Seiten. Das Setzen von externen Links bedeutet nicht, dass sich der Anbieter die hinter dem Verweis oder Link liegenden Inhalte zu Eigen macht. Eine st\u00e4ndige Kontrolle dieser externen Links ist f\u00fcr den Anbieter ohne konkrete Hinweise auf Rechtsverst\u00f6\u00dfe nicht zumutbar. Bei Kenntnis von Rechtsverst\u00f6\u00dfen werden jedoch derartige externe Links unverz\u00fcglich gel\u00f6scht.<\/p>\n<p style=\"text-align: center;\">Webdesign und Programmierung: Sebastian L\u00fcke<\/p>\n","protected":false},"excerpt":{"rendered":"<p>Architekturb\u00fcro L\u00fcke Martin L\u00fcke Architekt Dipl.-Ing. Rankenweg 13 | 44866 Bochum Telefon: 0157 5343 6282 E-Mail: info@architekt-lueke.de Umsatzsteuer-ID gem. \u00a727 UStG: DE309557050 Eingetragenes Mitglied der AKNW Berufsrechtliche Regeln einzusehen unter: www.aknw.de Inhalte und Rechtsbeitr\u00e4ge Die Inhalte unserer Internetseite &#8211;\u00a0vor allem die Rechtsbeitr\u00e4ge &#8211;\u00a0werden mit gr\u00f6\u00dfter Sorgfalt recherchiert. Dennoch kann der Anbieter keine Haftung f\u00fcr die &hellip; <a href=\"https:\/\/architekt-lueke.de\/?page_id=13\" class=\"more-link\"><span class=\"screen-reader-text\">Impressum<\/span> weiterlesen<\/a><\/p>\n","protected":false},"author":1,"featured_media":0,"parent":0,"menu_order":0,"comment_status":"closed","ping_status":"closed","template":"","meta":{"footnotes":""},"class_list":["post-13","page","type-page","status-publish","hentry"],"_links":{"self":[{"href":"https:\/\/architekt-lueke.de\/index.php?rest_route=\/wp\/v2\/pages\/13","targetHints":{"allow":["GET"]}}],"collection":[{"href":"https:\/\/architekt-lueke.de\/index.php?rest_route=\/wp\/v2\/pages"}],"about":[{"href":"https:\/\/architekt-lueke.de\/index.php?rest_route=\/wp\/v2\/types\/page"}],"author":[{"embeddable":true,"href":"https:\/\/architekt-lueke.de\/index.php?rest_route=\/wp\/v2\/users\/1"}],"replies":[{"embeddable":true,"href":"https:\/\/architekt-lueke.de\/index.php?rest_route=%2Fwp%2Fv2%2Fcomments&post=13"}],"version-history":[{"count":15,"href":"https:\/\/architekt-lueke.de\/index.php?rest_route=\/wp\/v2\/pages\/13\/revisions"}],"predecessor-version":[{"id":273,"href":"https:\/\/architekt-lueke.de\/index.php?rest_route=\/wp\/v2\/pages\/13\/revisions\/273"}],"wp:attachment":[{"href":"https:\/\/architekt-lueke.de\/index.php?rest_route=%2Fwp%2Fv2%2Fmedia&parent=13"}],"curies":[{"name":"wp","href":"https:\/\/api.w.org\/{rel}","templated":true}]}}