{"id":11,"date":"2017-02-15T13:33:35","date_gmt":"2017-02-15T13:33:35","guid":{"rendered":"http:\/\/architekt-lueke.de\/?page_id=11"},"modified":"2017-02-24T14:45:04","modified_gmt":"2017-02-24T14:45:04","slug":"vita","status":"publish","type":"page","link":"https:\/\/architekt-lueke.de\/?page_id=11","title":{"rendered":"Vita"},"content":{"rendered":"<div id=\"outerContainer\" class=\"\"><\/div>\n<div id=\"outerContainer\" class=\"\">\n<div id=\"mainContainer\">\n<div id=\"viewerContainer\" tabindex=\"0\">\n<div id=\"viewer\" class=\"pdfViewer enable-loading-spinner\">\n<div id=\"pageContainer1\" class=\"page\" data-page-number=\"1\" data-loaded=\"true\">\n<p><strong>Martin L\u00fcke<\/strong><\/p>\n<div data-canvas-width=\"100.69002786658065\"><strong>01.2017<\/strong><\/div>\n<p>Architekturb\u00fcro L\u00fcke &#8211; Neugr\u00fcndung<\/p>\n<div data-canvas-width=\"57.12402600806452\"><strong>2015 \u2013 2016<\/strong><\/div>\n<p>Mitarbeit: Rheinpark R_Projekt Architekten, Bochum &#8211; Justizzentrum<\/p>\n<div data-canvas-width=\"57.12402600806452\"><strong>2013 \u2013 2015<\/strong><\/div>\n<p>Mitarbeit: Reiter Architekten, D\u00fcsseldorf \u2013 Wohnungsbau u. Sozialbau<\/p>\n<\/div>\n<div class=\"page\" data-page-number=\"1\" data-loaded=\"true\">\n<div data-canvas-width=\"57.12402600806452\"><strong>2012 \u2013 2013<\/strong><\/div>\n<p data-canvas-width=\"700.0044789456194\">Mitarbeit: Strelzig und Klump Architekten, Bottrop &#8211; Sozialbau<\/p>\n<div data-canvas-width=\"57.12402600806452\"><strong>2010 \u2013 2011<\/strong><\/div>\n<\/div>\n<\/div>\n<\/div>\n<\/div>\n<\/div>\n<p>Mitarbeit: Architekturb\u00fcro Peinelt u. P., Bochum\u2013Gewerbe u. Verwaltung<\/p>\n<div id=\"outerContainer\" class=\"\">\n<div id=\"mainContainer\">\n<div id=\"viewerContainer\" tabindex=\"0\">\n<div id=\"viewer\" class=\"pdfViewer enable-loading-spinner\">\n<div class=\"page\" data-page-number=\"1\" data-loaded=\"true\">\n<div data-canvas-width=\"57.12402600806452\"><strong>2009 \u2013 2010<\/strong><\/div>\n<p data-canvas-width=\"180.49350663919355\">Mitarbeit: Rotterdam Dakowski Architekten, Langenfeld\u2013Wohnungsbau<\/p>\n<div data-canvas-width=\"57.12402600806452\"><strong>1984 \u2013 2008<\/strong><\/div>\n<p data-canvas-width=\"244.8639581467258\">Architekturb\u00fcro L\u00fcke<\/p>\n<div data-canvas-width=\"57.12402600806452\"><strong>1982 \u2013 1984<\/strong><\/div>\n<p data-canvas-width=\"180.46733276419354\">Mitarbeit: Architekturb\u00fcro S. Hoyer, Herten\u2013Wohnungsbau<\/p>\n<div data-canvas-width=\"119.24650430801614\"><strong>Seit 1982<\/strong><\/div>\n<p data-canvas-width=\"540.0405681462581\">Mitglied der Architektenkammer NRW (AKNW)<\/p>\n<div data-canvas-width=\"57.12402600806452\"><strong>1977 \u2013 1981<\/strong><\/div>\n<p data-canvas-width=\"399.5787589239192\">Architekturstudium FHS Dortmund<\/p>\n<div data-canvas-width=\"57.12402600806452\"><strong>1958<\/strong><\/div>\n<div data-canvas-width=\"107.49465551458066\">Geboren<\/div>\n<\/div>\n<\/div>\n<\/div>\n<\/div>\n<\/div>\n","protected":false},"excerpt":{"rendered":"<p>Martin L\u00fcke 01.2017 Architekturb\u00fcro L\u00fcke &#8211; Neugr\u00fcndung 2015 \u2013 2016 Mitarbeit: Rheinpark R_Projekt Architekten, Bochum &#8211; Justizzentrum 2013 \u2013 2015 Mitarbeit: Reiter Architekten, D\u00fcsseldorf \u2013 Wohnungsbau u. Sozialbau 2012 \u2013 2013 Mitarbeit: Strelzig und Klump Architekten, Bottrop &#8211; Sozialbau 2010 \u2013 2011 Mitarbeit: Architekturb\u00fcro Peinelt u. P., Bochum\u2013Gewerbe u. Verwaltung 2009 \u2013 2010 Mitarbeit: Rotterdam &hellip; <a href=\"https:\/\/architekt-lueke.de\/?page_id=11\" class=\"more-link\"><span class=\"screen-reader-text\">Vita<\/span> weiterlesen<\/a><\/p>\n","protected":false},"author":1,"featured_media":0,"parent":0,"menu_order":0,"comment_status":"closed","ping_status":"closed","template":"","meta":{"footnotes":""},"class_list":["post-11","page","type-page","status-publish","hentry"],"_links":{"self":[{"href":"https:\/\/architekt-lueke.de\/index.php?rest_route=\/wp\/v2\/pages\/11","targetHints":{"allow":["GET"]}}],"collection":[{"href":"https:\/\/architekt-lueke.de\/index.php?rest_route=\/wp\/v2\/pages"}],"about":[{"href":"https:\/\/architekt-lueke.de\/index.php?rest_route=\/wp\/v2\/types\/page"}],"author":[{"embeddable":true,"href":"https:\/\/architekt-lueke.de\/index.php?rest_route=\/wp\/v2\/users\/1"}],"replies":[{"embeddable":true,"href":"https:\/\/architekt-lueke.de\/index.php?rest_route=%2Fwp%2Fv2%2Fcomments&post=11"}],"version-history":[{"count":6,"href":"https:\/\/architekt-lueke.de\/index.php?rest_route=\/wp\/v2\/pages\/11\/revisions"}],"predecessor-version":[{"id":130,"href":"https:\/\/architekt-lueke.de\/index.php?rest_route=\/wp\/v2\/pages\/11\/revisions\/130"}],"wp:attachment":[{"href":"https:\/\/architekt-lueke.de\/index.php?rest_route=%2Fwp%2Fv2%2Fmedia&parent=11"}],"curies":[{"name":"wp","href":"https:\/\/api.w.org\/{rel}","templated":true}]}}